{"id":424,"date":"2023-07-25T18:15:24","date_gmt":"2023-07-25T16:15:24","guid":{"rendered":"http:\/\/aquaprofusion.fr\/index.php\/boutique\/"},"modified":"2025-01-02T13:24:13","modified_gmt":"2025-01-02T12:24:13","slug":"boutique","status":"publish","type":"page","link":"https:\/\/aquaprofusion.fr\/","title":{"rendered":"AQUA PRO&rsquo;FUSION"},"content":{"rendered":"\n<p><\/p>\n\n\n\n<p><strong>AQUA PRO FUSION est une antenne commerciale de la soci\u00e9t\u00e9 MANU KOI.<\/strong><\/p>\n\n\n\n<p>D\u00e9couvrir nos produit:<\/p>\n\n\n\n<p><a href=\"http:\/\/aquaprofusion.fr\/index.php\/2024\/01\/16\/tout-le-necessaire-pour-la-construction-de-vos-bassins\/?customize_changeset_uuid=0158475c-ed65-4620-bd39-9ffec768bc3d&amp;customize_autosaved=on&amp;customize_messenger_channel=preview-1\">LES PRODUITS DE CONSTRUCTION:<\/a><\/p>\n\n\n\n<p><a href=\"http:\/\/aquaprofusion.fr\/index.php\/category\/filtration\/?customize_changeset_uuid=0158475c-ed65-4620-bd39-9ffec768bc3d&amp;customize_autosaved=on&amp;customize_messenger_channel=preview-1\">LES PRODUITS DE FILTRATION DE BASSIN:<\/a><\/p>\n\n\n\n<p><a href=\"http:\/\/aquaprofusion.fr\/index.php\/category\/alimentation-et-soin-des-koi\/?customize_changeset_uuid=0158475c-ed65-4620-bd39-9ffec768bc3d&amp;customize_autosaved=on&amp;customize_messenger_channel=preview-1\">LES PRODUITS D\u2019ALIMENTATION ET DE SOIN:<\/a><\/p>\n\n\n\n<p><a href=\"http:\/\/aquaprofusion.fr\/index.php\/category\/catalogue\/?customize_changeset_uuid=0158475c-ed65-4620-bd39-9ffec768bc3d&amp;customize_autosaved=on&amp;customize_messenger_channel=preview-1\">LE CATALOGUE COMPLET<\/a><\/p>\n\n\n\n<figure class=\"wp-block-image\"><img loading=\"lazy\" decoding=\"async\" width=\"1024\" height=\"768\" src=\"http:\/\/aquaprofusion.fr\/wp-content\/uploads\/2024\/01\/IMG_0220-1024x768.jpg\" alt=\"\" class=\"wp-image-583\" srcset=\"https:\/\/aquaprofusion.fr\/wp-content\/uploads\/2024\/01\/IMG_0220-1024x768.jpg 1024w, https:\/\/aquaprofusion.fr\/wp-content\/uploads\/2024\/01\/IMG_0220-300x225.jpg 300w, https:\/\/aquaprofusion.fr\/wp-content\/uploads\/2024\/01\/IMG_0220-768x576.jpg 768w, https:\/\/aquaprofusion.fr\/wp-content\/uploads\/2024\/01\/IMG_0220-1536x1152.jpg 1536w, https:\/\/aquaprofusion.fr\/wp-content\/uploads\/2024\/01\/IMG_0220-1200x900.jpg 1200w, https:\/\/aquaprofusion.fr\/wp-content\/uploads\/2024\/01\/IMG_0220-1980x1485.jpg 1980w\" sizes=\"auto, (max-width: 1024px) 100vw, 1024px\" \/><\/figure>\n\n\n\n<p><strong>Aqua pro\u2019fusion est distributeur pour les professionnels du Bassin et du Koi.<\/strong><\/p>\n\n\n\n<p><strong>Toujours dans le souci de proposer les meilleurs produits au meilleurs prix pour les passionn\u00e9s, nous diffusons en exclusivit\u00e9 plusieurs marques.&nbsp;<\/strong><\/p>\n\n\n\n<ul class=\"wp-block-list\">\n<li><strong>YAMA FILTER, c\u2019est une gamme de filtres en polypropyl\u00e8ne \u00e9tudi\u00e9s pour offrir une filtration biologique la plus efficace possible.\u00a0<\/strong><\/li>\n\n\n\n<li><strong>KOI FIRST, c\u2019est un choix complet d\u2019aliments pour toutes les saisons afin de nourrir les Koi au plus pr\u00e8s de leurs besoins.<\/strong><\/li>\n\n\n\n<li><strong>SAFE POND, c\u2019est un ensemble de produits de traitement pour l\u2019eau du bassin,\u00a0<\/strong><\/li>\n\n\n\n<li><strong>ATLAS syst\u00e8me de filtration pour bassin tambour et combi<\/strong><\/li>\n\n\n\n<li><strong>D\u2019autres marques sont disponibles pour les professionnels, notamment les PVC de construction, pompe \u00e0 eau, pompe \u00e0 air, syst\u00e8me UVC\u2026<\/strong><\/li>\n<\/ul>\n\n\n\n<p><strong>Si vous \u00eates professionnel, en recherche d\u2019un fournisseur s\u00e9rieux pour r\u00e9pondre \u00e0 une demande compl\u00e8te de vos clients, contactez nous.&nbsp;<\/strong><\/p>\n\n\n\n<p><strong><em><a href=\"http:\/\/aquaprofusion.fr\/index.php\/category\/contact\/?customize_changeset_uuid=0158475c-ed65-4620-bd39-9ffec768bc3d&amp;customize_autosaved=on&amp;customize_messenger_channel=preview-1\">CONTACTEZ NOUS<\/a><\/em><\/strong><\/p>\n\n\n\n<div class=\"wp-block-contact-form-7-contact-form-selector\"><div role=\"form\" class=\"wpcf7\" id=\"wpcf7-f107-o1\" lang=\"fr-FR\" dir=\"ltr\">\n<div class=\"screen-reader-response\"><p role=\"status\" aria-live=\"polite\" aria-atomic=\"true\"><\/p> <ul><\/ul><\/div>\n<form action=\"\/index.php\/wp-json\/wp\/v2\/pages\/424#wpcf7-f107-o1\" method=\"post\" class=\"wpcf7-form init\" novalidate=\"novalidate\" data-status=\"init\">\n<div style=\"display: none;\">\n<input type=\"hidden\" name=\"_wpcf7\" value=\"107\" \/>\n<input type=\"hidden\" name=\"_wpcf7_version\" value=\"5.6.1\" \/>\n<input type=\"hidden\" name=\"_wpcf7_locale\" value=\"fr_FR\" \/>\n<input type=\"hidden\" name=\"_wpcf7_unit_tag\" value=\"wpcf7-f107-o1\" \/>\n<input type=\"hidden\" name=\"_wpcf7_container_post\" value=\"0\" \/>\n<input type=\"hidden\" name=\"_wpcf7_posted_data_hash\" value=\"\" \/>\n<\/div>\n<p><label> Votre nom<br \/>\n    <span class=\"wpcf7-form-control-wrap\" data-name=\"your-name\"><input type=\"text\" name=\"your-name\" value=\"\" size=\"40\" class=\"wpcf7-form-control wpcf7-text wpcf7-validates-as-required\" aria-required=\"true\" aria-invalid=\"false\" \/><\/span> <\/label><\/p>\n<p><label> Votre e-mail<br \/>\n    <span class=\"wpcf7-form-control-wrap\" data-name=\"your-email\"><input type=\"email\" name=\"your-email\" value=\"\" size=\"40\" class=\"wpcf7-form-control wpcf7-text wpcf7-email wpcf7-validates-as-required wpcf7-validates-as-email\" aria-required=\"true\" aria-invalid=\"false\" \/><\/span> <\/label><\/p>\n<p><label> Objet<br \/>\n    <span class=\"wpcf7-form-control-wrap\" data-name=\"your-subject\"><input type=\"text\" name=\"your-subject\" value=\"\" size=\"40\" class=\"wpcf7-form-control wpcf7-text wpcf7-validates-as-required\" aria-required=\"true\" aria-invalid=\"false\" \/><\/span> <\/label><\/p>\n<p><label> Votre message (facultatif)<br \/>\n    <span class=\"wpcf7-form-control-wrap\" data-name=\"your-message\"><textarea name=\"your-message\" cols=\"40\" rows=\"10\" class=\"wpcf7-form-control wpcf7-textarea\" aria-invalid=\"false\"><\/textarea><\/span> <\/label><\/p>\n<p><input type=\"submit\" value=\"Envoyer\" class=\"wpcf7-form-control has-spinner wpcf7-submit\" \/><\/p>\n<p style=\"display: none !important;\"><label>&#916;<textarea name=\"_wpcf7_ak_hp_textarea\" cols=\"45\" rows=\"8\" maxlength=\"100\"><\/textarea><\/label><input type=\"hidden\" id=\"ak_js\" name=\"_wpcf7_ak_js\" value=\"91\"\/><script>document.getElementById( \"ak_js\" ).setAttribute( \"value\", ( new Date() ).getTime() );<\/script><\/p><div class=\"wpcf7-response-output\" aria-hidden=\"true\"><\/div><\/form><\/div><\/div>\n\n\n\n<p><\/p>\n\n\n\n<figure class=\"wp-block-image\"><img loading=\"lazy\" decoding=\"async\" width=\"1024\" height=\"480\" src=\"http:\/\/aquaprofusion.fr\/wp-content\/uploads\/2024\/01\/IMG_0213-1024x480.jpg\" alt=\"\" class=\"wp-image-587\" srcset=\"https:\/\/aquaprofusion.fr\/wp-content\/uploads\/2024\/01\/IMG_0213-1024x480.jpg 1024w, https:\/\/aquaprofusion.fr\/wp-content\/uploads\/2024\/01\/IMG_0213-300x141.jpg 300w, https:\/\/aquaprofusion.fr\/wp-content\/uploads\/2024\/01\/IMG_0213-768x360.jpg 768w, https:\/\/aquaprofusion.fr\/wp-content\/uploads\/2024\/01\/IMG_0213-1536x721.jpg 1536w, https:\/\/aquaprofusion.fr\/wp-content\/uploads\/2024\/01\/IMG_0213-2048x961.jpg 2048w, https:\/\/aquaprofusion.fr\/wp-content\/uploads\/2024\/01\/IMG_0213-1200x563.jpg 1200w, https:\/\/aquaprofusion.fr\/wp-content\/uploads\/2024\/01\/IMG_0213-1980x929.jpg 1980w\" sizes=\"auto, (max-width: 1024px) 100vw, 1024px\" \/><\/figure>\n\n\n\n<p><\/p>\n","protected":false},"excerpt":{"rendered":"<p>AQUA PRO FUSION est une antenne commerciale de la soci\u00e9t\u00e9 MANU KOI. D\u00e9couvrir nos produit: LES PRODUITS DE CONSTRUCTION: LES PRODUITS DE FILTRATION DE BASSIN: LES PRODUITS D\u2019ALIMENTATION ET DE SOIN: LE CATALOGUE COMPLET Aqua pro\u2019fusion est distributeur pour les professionnels du Bassin et du Koi. Toujours dans le souci de proposer les meilleurs produits [&hellip;]<\/p>\n","protected":false},"author":1,"featured_media":0,"parent":33,"menu_order":0,"comment_status":"closed","ping_status":"closed","template":"","meta":{"_themeisle_gutenberg_block_has_review":false,"footnotes":""},"class_list":["post-424","page","type-page","status-publish","hentry"],"_links":{"self":[{"href":"https:\/\/aquaprofusion.fr\/index.php\/wp-json\/wp\/v2\/pages\/424","targetHints":{"allow":["GET"]}}],"collection":[{"href":"https:\/\/aquaprofusion.fr\/index.php\/wp-json\/wp\/v2\/pages"}],"about":[{"href":"https:\/\/aquaprofusion.fr\/index.php\/wp-json\/wp\/v2\/types\/page"}],"author":[{"embeddable":true,"href":"https:\/\/aquaprofusion.fr\/index.php\/wp-json\/wp\/v2\/users\/1"}],"replies":[{"embeddable":true,"href":"https:\/\/aquaprofusion.fr\/index.php\/wp-json\/wp\/v2\/comments?post=424"}],"version-history":[{"count":7,"href":"https:\/\/aquaprofusion.fr\/index.php\/wp-json\/wp\/v2\/pages\/424\/revisions"}],"predecessor-version":[{"id":788,"href":"https:\/\/aquaprofusion.fr\/index.php\/wp-json\/wp\/v2\/pages\/424\/revisions\/788"}],"up":[{"embeddable":true,"href":"https:\/\/aquaprofusion.fr\/index.php\/wp-json\/wp\/v2\/pages\/33"}],"wp:attachment":[{"href":"https:\/\/aquaprofusion.fr\/index.php\/wp-json\/wp\/v2\/media?parent=424"}],"curies":[{"name":"wp","href":"https:\/\/api.w.org\/{rel}","templated":true}]}}